{"id":59,"date":"2018-07-11T14:16:30","date_gmt":"2018-07-11T12:16:30","guid":{"rendered":"http:\/\/www.sam-rangsdorf.de\/?page_id=59"},"modified":"2018-07-12T14:26:51","modified_gmt":"2018-07-12T12:26:51","slug":"startseite","status":"publish","type":"page","link":"https:\/\/www.sam-rangsdorf.de\/","title":{"rendered":"Startseite"},"content":{"rendered":"<p>Willkommen in der Praxis f\u00fcr Soziale Arbeit &#8211; SAM!<\/p>\n<p>Diese Seite ist ja&#8230; so&#8230; schwarz \/ wei\u00df? Stimmt! Warum ich mich f\u00fcr diese Art der Darstellung entschieden habe k\u00f6nnen Sie auf den n\u00e4chsten Seiten erfahren.<\/p>\n<p>Vielleicht ist es mir gelungen Ihre Neugier zu wecken und somit m\u00f6chte ich Sie einladen, sich auf meiner Seite ein wenig umzuschauen.<\/p>\n<p><img loading=\"lazy\" class=\"aligncenter wp-image-10 size-medium\" src=\"http:\/\/www.sam-rangsdorf.de\/wp-content\/uploads\/2018\/07\/9-300x196.jpg\" alt=\"\" width=\"300\" height=\"196\" srcset=\"https:\/\/www.sam-rangsdorf.de\/wp-content\/uploads\/2018\/07\/9-300x196.jpg 300w, https:\/\/www.sam-rangsdorf.de\/wp-content\/uploads\/2018\/07\/9-768x503.jpg 768w, https:\/\/www.sam-rangsdorf.de\/wp-content\/uploads\/2018\/07\/9-1024x670.jpg 1024w, https:\/\/www.sam-rangsdorf.de\/wp-content\/uploads\/2018\/07\/9-1140x746.jpg 1140w\" sizes=\"(max-width: 300px) 100vw, 300px\" \/><\/p>\n","protected":false},"excerpt":{"rendered":"<p>Willkommen in der Praxis f\u00fcr Soziale Arbeit &#8211; SAM! Diese Seite ist ja&#8230; so&#8230; schwarz \/ wei\u00df? Stimmt! Warum ich mich f\u00fcr diese Art der Darstellung entschieden habe k\u00f6nnen Sie auf den n\u00e4chsten Seiten erfahren. Vielleicht ist es mir gelungen Ihre Neugier zu wecken und somit m\u00f6chte ich Sie einladen, sich auf meiner Seite ein &hellip; <\/p>\n<p class=\"link-more\"><a href=\"https:\/\/www.sam-rangsdorf.de\/\" class=\"more-link\"><span class=\"screen-reader-text\">\u201eStartseite\u201c<\/span> weiterlesen<\/a><\/p>\n","protected":false},"author":1,"featured_media":0,"parent":0,"menu_order":0,"comment_status":"closed","ping_status":"closed","template":"","meta":[],"jetpack_sharing_enabled":true,"jetpack_shortlink":"https:\/\/wp.me\/Pa4vQ1-X","_links":{"self":[{"href":"https:\/\/www.sam-rangsdorf.de\/index.php\/wp-json\/wp\/v2\/pages\/59"}],"collection":[{"href":"https:\/\/www.sam-rangsdorf.de\/index.php\/wp-json\/wp\/v2\/pages"}],"about":[{"href":"https:\/\/www.sam-rangsdorf.de\/index.php\/wp-json\/wp\/v2\/types\/page"}],"author":[{"embeddable":true,"href":"https:\/\/www.sam-rangsdorf.de\/index.php\/wp-json\/wp\/v2\/users\/1"}],"replies":[{"embeddable":true,"href":"https:\/\/www.sam-rangsdorf.de\/index.php\/wp-json\/wp\/v2\/comments?post=59"}],"version-history":[{"count":11,"href":"https:\/\/www.sam-rangsdorf.de\/index.php\/wp-json\/wp\/v2\/pages\/59\/revisions"}],"predecessor-version":[{"id":117,"href":"https:\/\/www.sam-rangsdorf.de\/index.php\/wp-json\/wp\/v2\/pages\/59\/revisions\/117"}],"wp:attachment":[{"href":"https:\/\/www.sam-rangsdorf.de\/index.php\/wp-json\/wp\/v2\/media?parent=59"}],"curies":[{"name":"wp","href":"https:\/\/api.w.org\/{rel}","templated":true}]}}