{"id":31,"date":"2018-07-11T11:17:07","date_gmt":"2018-07-11T09:17:07","guid":{"rendered":"http:\/\/www.sam-rangsdorf.de\/?page_id=31"},"modified":"2021-10-10T17:14:39","modified_gmt":"2021-10-10T15:14:39","slug":"leistungen-preise","status":"publish","type":"page","link":"https:\/\/www.sam-rangsdorf.de\/index.php\/leistungen-preise\/","title":{"rendered":"Leistungen &#038; Kosten"},"content":{"rendered":"<p>Bei allen angebotenen Leistungen steht immer der Leitsatz der &#8222;Hilfe zur Selbsthilfe&#8220; im Vordergrund. Sprich der Sozialarbeiter arbeitet daran sich \u00fcberfl\u00fcssig zu machen und verstehen den Klienten als Experten seiner Selbst und seiner eigenen Lebenswelt. Denn niemand kennt Sie besser als Sie sich selbst!<\/p>\n<p>Als staatlich anerkannter Sozialarbeiter unterliege ich genau wie ein Arzt auch\u00a0der Schweigepflicht nach <a href=\"https:\/\/www.gesetze-im-internet.de\/stgb\/__203.html\" target=\"_blank\" rel=\"noopener\">\u00a7 203 StGB.<\/a>\u00a0Somit k\u00f6nnen Sie sicher sein, dass was unter uns besprochen wird, auch unter uns bleibt und nur mit Ihrer ausdr\u00fccklichen Einwilligung weitergegeben wird.<\/p>\n<p>&nbsp;<\/p>\n<p><strong>Leistungen<\/strong><\/p>\n<p>&nbsp;<\/p>\n<ul>\n<li><span style=\"text-decoration: underline;\">Supervision<\/span><\/li>\n<\/ul>\n<p>Supervision erm\u00f6glicht den Blick von au\u00dfen auf ein bestehendes System oder auch\u00a0einen bestimmten Arbeitsprozess. Der Supervisor ist nicht Teil des Teams oder des Arbeitssystems und kann daher unbefangen an Herausforderungen, Problemen und Konflikten arbeiten.<\/p>\n<p>Supervison ist z.B. geeignet f\u00fcr:<\/p>\n<p style=\"padding-left: 30px;\">&#8211; Fallreflexion<br \/>\n&#8211; Konfliktmanagement<br \/>\n&#8211; Reflexion von Teamprozessen<br \/>\n&#8211; Kl\u00e4rung von internen Prozessen<br \/>\n&#8211; Verbesserung von Kommunikationsstrukturen<br \/>\n&#8211; Qualit\u00e4tssicherung<\/p>\n<p>&nbsp;<\/p>\n<ul>\n<li><span style=\"text-decoration: underline;\">Unterst\u00fctzung bei Krisen \/ Lebensberatung (nur Selbstzahler)<\/span><\/li>\n<\/ul>\n<p>In unserem Leben stehen wir oft vor scheinbar un\u00fcberwindbaren Herausforderungen und Problemen. Dann f\u00fchlen wir uns machtlos, hilflos, w\u00fctend und traurig, auch Selbstmordgedanken k\u00f6nnen auftreten. Nahe Angeh\u00f6rige und Freunde reichen hier oft als Radgebende nicht aus.<\/p>\n<p>Auch wenn es auf den ersten Blick so nicht zu sein scheint, doch Krisen sind Chancen. In jeder Krise, jeder Herausforderung und jedem Problem steckt die Kraft unentdeckte Ressourcen zu entdecken und zu wachsen.<\/p>\n<p>&nbsp;<\/p>\n<ul>\n<li><span style=\"text-decoration: underline;\">Paarberatung (nur Selbstzahler)<\/span><\/li>\n<\/ul>\n<p>Viele Menschen w\u00fcnschen sich eine stabile und dauerhafte Beziehung. Selbst in den besten Beziehungen kommt es auch mal zu Streitigkeiten, Eifersucht, Verlustangst, unerf\u00fcllter Sexualit\u00e4t und scheinbar unl\u00f6sbare partnerschaftliche Probleme.<\/p>\n<p>Gemeinsam in Einzel- und Paarterminen k\u00f6nnen wir daran arbeiten, dass Sie sich wieder n\u00e4her kommen und Probleme \u00fcberwinden.<\/p>\n<p>&nbsp;<\/p>\n<ul>\n<li><span style=\"text-decoration: underline;\">Beratung rund um das Thema Homosexualit\u00e4t (nur Selbstzahler)<\/span><\/li>\n<\/ul>\n<p>&#8222;Mama? Papa? Ich bin schwul!&#8220;<br \/>\nBis dieser Satz einem jungen Menschen \u00fcber die Lippen kommt vergeht oft viel Zeit. Eine Zeit voller Selbstzweifel, Sorgen und \u00c4ngste. Denn trotz zahlreicher Ver\u00e4nderungen in der Gesellschaft erleben viele homosexuelle Menschen heutzutage Ablehnung und Ausgrenzung. Sowohl im Beruf, Freundeskreis und in der Familie. Daher sollte ein Coming Out gut vorbereitet sein.\u00a0In streng vertraulichen Einzelsitzungen berate ich gerne zum Thema Homosexualit\u00e4t und Coming Out.<\/p>\n<p>Liebe Eltern, sollten Sie von ihrem Kind den Satz h\u00f6ren &#8222;Mama? Papa? Ich bin homosexuell!&#8220; dann verzweifeln Sie bitte nicht. Sie haben nichts falsch gemacht und Ihr Kind auch nicht. Dennoch kann das Coming Out auch f\u00fcr die Eltern eine Herausforderung sein. Wenn Sie m\u00f6chten berate ich Sie gerne zu allen Fragen rund um das Thema Homosexualit\u00e4t<\/p>\n<p>&nbsp;<\/p>\n<ul>\n<li><span style=\"text-decoration: underline;\">Beratung, Coaching und Weiterbildungen f\u00fcr Firmen, Betriebe und \u00a0Arbeitsgruppen (auch im \u00f6ffentlichen Dienst)<\/span><\/li>\n<\/ul>\n<p>Themen k\u00f6nnten sein:<\/p>\n<p>&#8211; Fallbesprechung<br \/>\n&#8211; Intervision \/ Kollegiale Beratung<br \/>\n&#8211; Konflikte l\u00f6sen<br \/>\n&#8211; Zusammenarbeit f\u00f6rdern<br \/>\n&#8211; Umgang mit Stress<br \/>\n&#8211; Weiterbildung im Bereich Kinderschutz<br \/>\n&#8211; Weiterbildung zum Umgang mit Medien<\/p>\n<p>&nbsp;<\/p>\n<ul>\n<li><span style=\"text-decoration: underline;\">Jugendhilfe<\/span><\/li>\n<\/ul>\n<p>Meine \u00fcbrigen Leistungen beruhen auf dem <a href=\"https:\/\/www.gesetze-im-internet.de\/sgb_8\/\" target=\"_blank\" rel=\"noopener\">Achten\u00a0Sozialgesetzbuch (SGB VIII)<\/a>. Die Paragraphen sind mit Links zum Nachlesen hinterlegt.<\/p>\n<p>&nbsp;<\/p>\n<ul>\n<li><a href=\"https:\/\/www.gesetze-im-internet.de\/sgb_8\/__17.html\" target=\"_blank\" rel=\"noopener\">\u00a7 17 SGB VIII &#8211; Beratung in Fragen der Partnerschaft, Trennung und Scheidung<\/a><\/li>\n<\/ul>\n<p>Arbeitsschwerpunkte hier sind:<br \/>\nEin partnerschaftliches Zusammenleben zu erm\u00f6glichen, durch Krisen und Konflikte zu f\u00fchren oder trotz Scheidung die elterliche Verantwortung zum Wohle des Kindes zu st\u00e4rken. Gemessen am Alter wird auch das Kind beteiligt.<\/p>\n<p>&nbsp;<\/p>\n<ul>\n<li><a href=\"https:\/\/www.gesetze-im-internet.de\/sgb_8\/__18.html\" target=\"_blank\" rel=\"noopener\">\u00a7 18 SGB VIII &#8211; Beratung und Unterst\u00fctzung bei der Aus\u00fcbung der Personensorge und des Umgangs<\/a><\/li>\n<\/ul>\n<p>Kinder haben laut <a href=\"https:\/\/www.gesetze-im-internet.de\/bgb\/__1684.html\" target=\"_blank\" rel=\"noopener\">\u00a7 1684 BGB<\/a> einen eigenen Rechtsanspruch auf Umgang mit beiden Elternteilen. Sollten Sich Eltern nicht auf eine gemeinsame Regelung des Umgangs verst\u00e4ndigen k\u00f6nnen, kann diese gemeinsam erarbeitet oder von einem Familiengericht beauflagt werden.<\/p>\n<p>Dar\u00fcber hinaus kann ein Umgang auch begleitet stattfinden. Dies geschieht\u00a0 auf Anordnung des Jugendamtes oder eines Familiengerichtes.<\/p>\n<p>&nbsp;<\/p>\n<ul>\n<li><a href=\"https:\/\/www.gesetze-im-internet.de\/sgb_8\/__20.html\" target=\"_blank\" rel=\"noopener\">\u00a7 20 SGB VIII &#8211; Betreuung und Versorgung des Kindes in Notsituationen<\/a><\/li>\n<\/ul>\n<p>Sollte eine Hauptbetreuungsperson aufgrund von Unf\u00e4llen, Krankheit\u00a0oder sonstigen Gr\u00fcnden zeitlich begrenzt\u00a0ausfallen soll sichergestellt werden, dass der famili\u00e4re Lebensraum des Kindes erhalten bleiben kann und einer Unterbringung des Kindes vorgebeugt wird.<br \/>\nInhalt dieser Hilfe ist unter anderem die Organisierung des Alltages, die Ern\u00e4hrung und K\u00f6rperpflege des Kindes, Unterst\u00fctzung bei der F\u00fchrung des Haushaltes sowie Unterst\u00fctzung der Eltern bei Aufgaben der Erziehung.<\/p>\n<p>&nbsp;<\/p>\n<ul>\n<li><a href=\"https:\/\/www.gesetze-im-internet.de\/sgb_8\/__27.html\" target=\"_blank\" rel=\"noopener\">\u00a7 27 Abs. 3 SGB VIII &#8211; Therapeutische Leistungen<\/a><\/li>\n<\/ul>\n<p><strong>Familientherapie<\/strong> arbeitet, mit Eltern und Kindern gemeinsam an abtr\u00e4glichen famili\u00e4ren Bedingungen, gest\u00f6rten Kommunikationen oder schwierigen Eltern-Kind-Beziehungsmustern. Es geht um die gezielte Ver\u00e4nderung struktureller Bedingungen, weniger um die Unterst\u00fctzung und Begleitung im praktischen Alltag.<\/p>\n<p>Die Familientherapiefindet meist in der Wohnung der Familien oder in den R\u00e4umlichkeiten des Tr\u00e4gers statt.<\/p>\n<p><strong>Systemisches Elterncoaching<\/strong> ist ein Beratungsangebot welches gezielt f\u00fcr Kindeseltern entwickelt wurde. Hierbei wird die Elternrolle gest\u00e4rkt und die Kindeseltern darin unterst\u00fctzt, dass sie ihre Verantwortung f\u00fcr die Erziehung ihrer Kinder \u00fcbernehmen. Weiterhin soll eine Pr\u00e4senz der Kindeseltern bei den Kindern erarbeitet werden und die Kinder somit bei ihrer Entwicklung hilfreich unterst\u00fctzt werden.<\/p>\n<p>&nbsp;<\/p>\n<ul>\n<li><a href=\"https:\/\/www.gesetze-im-internet.de\/sgb_8\/__30.html\" target=\"_blank\" rel=\"noopener\">\u00a7 30 SGB VIII &#8211; Erziehungsbeistand, Betreuungshilfe<\/a><\/li>\n<\/ul>\n<p>Durch gemeinsame Aktivit\u00e4ten soll dem Kind \/\u00a0Jugendlichen erm\u00f6glicht werden seinen Lebensraum zu nutzen und zu erweitern. Oft mehrmals die Woche finden Treffen mit dem Kind \/ Jugendlichen und dem Sozialarbeiter statt, um gemeinsam an wichtigen Themen der Entwicklung zu arbeiten.<br \/>\nBei schulischen Problemen kann mit Einverst\u00e4ndnis der Eltern und des jungen Menschen auch Kontakt zur Schule aufgenommen werden.<\/p>\n<p>&nbsp;<\/p>\n<ul>\n<li><a href=\"https:\/\/www.gesetze-im-internet.de\/sgb_8\/__31.html\" target=\"_blank\" rel=\"noopener\">\u00a7 31 SGB VIII &#8211; Sozialp\u00e4dagogische Familienhilfe<\/a><\/li>\n<\/ul>\n<p>Auch hier werden Klienten mehrfach die Woche aufgesucht und unterst\u00fctzt. Jedoch nicht einzelne Kinder und Jugendliche wie im vorangegangenen Paragraphen. Diese Form der Hilfe ist f\u00fcr die ganze Familie zug\u00e4nglich.<br \/>\nWenn Menschen zusammen leben oder eine Familie bilden, bilden sie immer ein System. Dies kann man sich wie ein gro\u00dfes Mobile vorstellen. Ver\u00e4ndert ein Teil des Mobiles seine Position wird sich das ganze System ver\u00e4ndern. Genau hier setzt die Sozialp\u00e4dagogische Familienhilfe an, in dem die unterschiedlichen Potenziale der einzelnen Mitglieder des Systems herausgearbeitet werden. Somit k\u00f6nnen Krisen und Konflikte einfacher \u00fcberwunden werden.<\/p>\n<p>&nbsp;<\/p>\n<ul>\n<li><a href=\"https:\/\/www.gesetze-im-internet.de\/sgb_8\/__8a.html\" target=\"_blank\" rel=\"noopener\">\u00a7 8a SGB VIII &#8211; Schutzauftrag bei Kindeswohlgef\u00e4hrdung<\/a><\/li>\n<\/ul>\n<p>Als insoweit erfahrene Fachkraft im Kindeschutz stehe ich gerne Kindertagesst\u00e4tten, Schulen und anderen Tr\u00e4gern der Jugendhilfe zur Verf\u00fcgung.<\/p>\n<p>&nbsp;<\/p>\n<p><strong>Kosten<\/strong><\/p>\n<p>F\u00fcr die Supervision werden die Kosten individuell vereinbart.<\/p>\n<p>Die Leistungen des SGB VIII und damit verbundene\u00a0\u00dcbernahme der Kosten\u00a0k\u00f6nnen bei Ihrem zust\u00e4ndigen Jugendamt beantragt werden. Ein Anspruch auf Kosten\u00fcbernahme besteht hier nicht.\u00a0Die zust\u00e4ndige Fachkraft im Jugendamt pr\u00fcft Ihren Antrag und entscheidet entsprechend. Eine\u00a0 ambulante Hilfe nach dem SGB VIII ist in der Regel ohne Selbstbeteiligung.<br \/>\n<strong>F\u00fcr Sie somit kostenlos!<\/strong><\/p>\n<p>Sollten Sie sich daf\u00fcr entscheiden nicht an\u00a0Ihr zust\u00e4ndiges Jugendamt\u00a0heranzutreten und\u00a0die Kosten selbst tragen zu wollen, ist das kein Problem.\u00a0Hierf\u00fcr erlaube ich mir Ihnen 90 Euro pro Stunde in Rechnung zu stellen. F\u00fcr Termine am Wochenende kommen nochmals 10 Euro pro Stunde hinzu. Akzeptiert werden Bezahlung auf Rechnung und per PayPal.<\/p>\n<p><img loading=\"lazy\" class=\"aligncenter size-medium wp-image-10\" src=\"http:\/\/www.sam-rangsdorf.de\/wp-content\/uploads\/2018\/07\/9-300x196.jpg\" alt=\"\" width=\"300\" height=\"196\" srcset=\"https:\/\/www.sam-rangsdorf.de\/wp-content\/uploads\/2018\/07\/9-300x196.jpg 300w, https:\/\/www.sam-rangsdorf.de\/wp-content\/uploads\/2018\/07\/9-768x503.jpg 768w, https:\/\/www.sam-rangsdorf.de\/wp-content\/uploads\/2018\/07\/9-1024x670.jpg 1024w, https:\/\/www.sam-rangsdorf.de\/wp-content\/uploads\/2018\/07\/9-1140x746.jpg 1140w\" sizes=\"(max-width: 300px) 100vw, 300px\" \/><\/p>\n","protected":false},"excerpt":{"rendered":"<p>Bei allen angebotenen Leistungen steht immer der Leitsatz der &#8222;Hilfe zur Selbsthilfe&#8220; im Vordergrund. Sprich der Sozialarbeiter arbeitet daran sich \u00fcberfl\u00fcssig zu machen und verstehen den Klienten als Experten seiner Selbst und seiner eigenen Lebenswelt. Denn niemand kennt Sie besser als Sie sich selbst! Als staatlich anerkannter Sozialarbeiter unterliege ich genau wie ein Arzt auch\u00a0der &hellip; <\/p>\n<p class=\"link-more\"><a href=\"https:\/\/www.sam-rangsdorf.de\/index.php\/leistungen-preise\/\" class=\"more-link\"><span class=\"screen-reader-text\">\u201eLeistungen &#038; Kosten\u201c<\/span> weiterlesen<\/a><\/p>\n","protected":false},"author":1,"featured_media":0,"parent":0,"menu_order":0,"comment_status":"closed","ping_status":"closed","template":"","meta":[],"jetpack_sharing_enabled":true,"jetpack_shortlink":"https:\/\/wp.me\/Pa4vQ1-v","_links":{"self":[{"href":"https:\/\/www.sam-rangsdorf.de\/index.php\/wp-json\/wp\/v2\/pages\/31"}],"collection":[{"href":"https:\/\/www.sam-rangsdorf.de\/index.php\/wp-json\/wp\/v2\/pages"}],"about":[{"href":"https:\/\/www.sam-rangsdorf.de\/index.php\/wp-json\/wp\/v2\/types\/page"}],"author":[{"embeddable":true,"href":"https:\/\/www.sam-rangsdorf.de\/index.php\/wp-json\/wp\/v2\/users\/1"}],"replies":[{"embeddable":true,"href":"https:\/\/www.sam-rangsdorf.de\/index.php\/wp-json\/wp\/v2\/comments?post=31"}],"version-history":[{"count":42,"href":"https:\/\/www.sam-rangsdorf.de\/index.php\/wp-json\/wp\/v2\/pages\/31\/revisions"}],"predecessor-version":[{"id":215,"href":"https:\/\/www.sam-rangsdorf.de\/index.php\/wp-json\/wp\/v2\/pages\/31\/revisions\/215"}],"wp:attachment":[{"href":"https:\/\/www.sam-rangsdorf.de\/index.php\/wp-json\/wp\/v2\/media?parent=31"}],"curies":[{"name":"wp","href":"https:\/\/api.w.org\/{rel}","templated":true}]}}